{"id":161,"date":"2016-05-10T03:48:21","date_gmt":"2016-05-10T03:48:21","guid":{"rendered":"https:\/\/www.online-reisbureaus.com\/sample-page\/"},"modified":"2025-04-30T08:18:48","modified_gmt":"2025-04-30T08:18:48","slug":"sample-page","status":"publish","type":"page","link":"https:\/\/www.online-reisbureaus.com\/de\/","title":{"rendered":"Home"},"content":{"rendered":"\n<div class=\"wp-block-cover is-light has-parallax b1\" style=\"margin-top:0px;margin-bottom:0px;padding-top:10%;padding-right:0px;padding-bottom:10%;padding-left:0px;min-height:100vh;aspect-ratio:unset;\"><div class=\"wp-block-cover__image-background wp-image-174 size-large has-parallax\" style=\"background-position:50% 50%;background-image:url(https:\/\/www.online-reisbureaus.com\/wp-content\/uploads\/2022\/10\/Reizen-die-brandende-dorst-1-1024x587.webp)\"><\/div><span aria-hidden=\"true\" class=\"wp-block-cover__background has-background-dim-0 has-background-dim\" style=\"background-color:#e1e3e4\"><\/span><div class=\"wp-block-cover__inner-container has-global-padding is-layout-constrained wp-container-core-cover-is-layout-cada93ee wp-block-cover-is-layout-constrained\">\n<figure class=\"wp-block-image aligncenter size-full animated zoomIn\"><img loading=\"lazy\" decoding=\"async\" width=\"331\" height=\"313\" src=\"https:\/\/www.online-reisbureaus.com\/wp-content\/uploads\/2022\/10\/Reizen.webp\" alt=\"\" class=\"wp-image-237\" srcset=\"https:\/\/www.online-reisbureaus.com\/wp-content\/uploads\/2022\/10\/Reizen.webp 331w, https:\/\/www.online-reisbureaus.com\/wp-content\/uploads\/2022\/10\/Reizen-300x284.webp 300w\" sizes=\"auto, (max-width: 331px) 100vw, 331px\"><\/figure>\n\n\n\n<div class=\"wp-block-group animated fadeInUp is-content-justification-center is-nowrap is-layout-flex wp-container-core-group-is-layout-23441af8 wp-block-group-is-layout-flex\">\n<div class=\"wp-block-group has-background wp-container-content-759e20a8 is-vertical is-content-justification-center is-layout-flex wp-container-core-group-is-layout-b6c1f246 wp-block-group-is-layout-flex\" style=\"background-color:#acabab;min-height:1px\"><\/div>\n<\/div>\n\n\n\n<h1 class=\"wp-block-heading has-text-align-center animated fadeInUp has-text-color has-link-color wp-elements-82779a767190c37055217fb4d828b65e\" style=\"color:#505050;padding-right:10%;padding-left:10%;font-size:65px\">Reisen, dieser brennende Durst!<\/h1>\n<\/div><\/div>\n\n\n\n<div class=\"wp-block-cover has-parallax\" style=\"margin-top:0px;margin-bottom:0px;padding-top:20%;padding-right:0px;padding-bottom:20%;padding-left:0px\"><div class=\"wp-block-cover__image-background wp-image-213 size-large has-parallax\" style=\"background-position:50% 50%;background-image:url(https:\/\/www.online-reisbureaus.com\/wp-content\/uploads\/2022\/10\/Reisen-dem-Alltag-2-1024x587.webp)\"><\/div><span aria-hidden=\"true\" class=\"wp-block-cover__background has-black-background-color has-background-dim-30 has-background-dim\"><\/span><div class=\"wp-block-cover__inner-container has-global-padding is-layout-constrained wp-container-core-cover-is-layout-f2dc8297 wp-block-cover-is-layout-constrained\">\n<h2 class=\"wp-block-heading has-text-align-center animated fadeInUp has-base-2-color has-text-color has-link-color wp-elements-80067e22e14b2d992ab261588c7db68e\" style=\"padding-right:10%;padding-left:10%;font-size:45px\">Reisen, dem Alltag entfliehen<br>&amp; neue Energie tanken<\/h2>\n\n\n\n<div class=\"wp-block-group animated fadeInUp is-content-justification-center is-nowrap is-layout-flex wp-container-core-group-is-layout-23441af8 wp-block-group-is-layout-flex\">\n<div class=\"wp-block-group has-base-2-background-color has-background wp-container-content-759e20a8 is-vertical is-content-justification-center is-layout-flex wp-container-core-group-is-layout-b6c1f246 wp-block-group-is-layout-flex\" style=\"min-height:1px\"><\/div>\n<\/div>\n\n\n\n<p class=\"has-text-align-center animated fadeInUp has-base-2-color has-text-color has-link-color wp-elements-c9ae820ed0375801e5ec760c65aae953\" style=\"padding-right:10%;padding-left:10%;font-size:18px\">Es gibt viele Reiseziele, an denen Sie sich entspannen, erholen und neue Energie tanken k\u00f6nnen, indem Sie sich die Zeit nehmen, um abzuschalten. Es ist wichtig, sich regelm\u00e4ssig abzumelden, um Ihr Gehirn zu bel\u00fcften und Abstand zu gewinnen. Dank dessen k\u00f6nnen Sie Stress abbauen. Eine Reise ist eine Gelegenheit, Frustrationen abzubauen, in sich zu gehen, neue Erfahrungen zu machen und neue Gef\u00fchle zu erleben.<\/p>\n<\/div><\/div>\n\n\n\n<div class=\"wp-block-group has-global-padding is-layout-constrained wp-block-group-is-layout-constrained has-background\" style=\"margin-top:0px;margin-bottom:0px;padding-top:6%;padding-bottom:6%;background-image:url('https:\/\/www.online-reisbureaus.com\/wp-content\/uploads\/2022\/10\/Uw-volgende-reis-vooraf-plannen-3.webp');background-size:cover;background-attachment:fixed;\">\n<h2 class=\"wp-block-heading has-text-align-center animated fadeInUp has-text-color has-link-color wp-elements-048c09767255fa918c418bdf088a7dce\" style=\"color:#505050;padding-right:10%;padding-left:10%;font-size:45px\">Organisieren Sie Ihre n\u00e4chste Reise im Voraus<\/h2>\n\n\n\n<div class=\"wp-block-group animated fadeInUp is-content-justification-center is-nowrap is-layout-flex wp-container-core-group-is-layout-23441af8 wp-block-group-is-layout-flex\">\n<div class=\"wp-block-group has-background wp-container-content-759e20a8 is-vertical is-content-justification-center is-layout-flex wp-container-core-group-is-layout-b6c1f246 wp-block-group-is-layout-flex\" style=\"background-color:#acabab;min-height:1px\"><\/div>\n<\/div>\n\n\n\n<div class=\"wp-block-columns animated fadeInUp is-layout-flex wp-container-core-columns-is-layout-74c081fb wp-block-columns-is-layout-flex\" style=\"margin-top:70px\">\n<div class=\"wp-block-column is-vertically-aligned-stretch has-base-2-background-color has-background is-layout-flow wp-block-column-is-layout-flow\">\n<figure class=\"wp-block-image size-large\"><img decoding=\"async\" src=\"https:\/\/www.online-reisbureaus.com\/wp-content\/uploads\/2022\/10\/Reisbudget.webp\" alt=\"\"><\/figure>\n\n\n\n<h3 class=\"wp-block-heading has-text-align-left has-text-color has-link-color wp-elements-19401f74d83079deebfe26c2acc6db28\" style=\"color:#505050;padding-right:30px;padding-left:30px;font-size:20px;line-height:1.4\">Reisebudget<\/h3>\n\n\n\n<p style=\"padding-right:30px;padding-bottom:30px;padding-left:30px\">Ihr Reisebudget muss mehrere Ausgabenposten umfassen: Kauf der Flugtickets, Anreise, Unterkunft, Verpflegung, Aktivit\u00e4ten\u2026 Seine Sch\u00e4tzung erfolgt in mehreren Schritten.<\/p>\n<\/div>\n\n\n\n<div class=\"wp-block-column is-vertically-aligned-stretch has-base-2-background-color has-background is-layout-flow wp-block-column-is-layout-flow\">\n<figure class=\"wp-block-image size-large\"><img decoding=\"async\" src=\"https:\/\/www.online-reisbureaus.com\/wp-content\/uploads\/2022\/10\/Reserveringen-tickets.webp\" alt=\"\"><\/figure>\n\n\n\n<h3 class=\"wp-block-heading has-text-align-left has-text-color has-link-color wp-elements-72d003656ab36cf6c2ea1c1a0e3d155a\" style=\"color:#505050;padding-right:30px;padding-left:30px;font-size:20px;line-height:1.4\">Reservierungen &amp; Tickets<\/h3>\n\n\n\n<p style=\"padding-right:30px;padding-bottom:30px;padding-left:30px\">Sie k\u00f6nnen Ihre Pl\u00e4tze f\u00fcr Shows, Konzerte und Theater reservieren. Erhalten Sie online Ihre Eintrittskarten f\u00fcr eine Ausstellung, ein Fussballspiel, den Zugang zu Freizeitparks\u2026<\/p>\n<\/div>\n\n\n\n<div class=\"wp-block-column is-vertically-aligned-stretch has-base-2-background-color has-background is-layout-flow wp-block-column-is-layout-flow\">\n<figure class=\"wp-block-image size-large\"><img decoding=\"async\" src=\"https:\/\/www.online-reisbureaus.com\/wp-content\/uploads\/2022\/10\/Reisperiode-1.webp\" alt=\"\"><\/figure>\n\n\n\n<h3 class=\"wp-block-heading has-text-align-left has-text-color has-link-color wp-elements-f825d0d7eebaa99b44f45fcc30f0f6cf\" style=\"color:#505050;padding-right:30px;padding-left:30px;font-size:20px;line-height:1.4\">Zeitraum der Reise<\/h3>\n\n\n\n<p style=\"padding-right:30px;padding-bottom:30px;padding-left:30px\">Um einen angenehmen Urlaub zu verbringen, m\u00fcssen Sie die beste Reisezeit finden, um zu wissen, wann Sie verreisen sollten. Bei der Wahl des Zeitraums wird das Klima ber\u00fccksichtigt.<\/p>\n<\/div>\n<\/div>\n<\/div>\n\n\n\n<div class=\"wp-block-cover has-parallax\" style=\"margin-top:0px;margin-bottom:0px;padding-top:15%;padding-right:0px;padding-bottom:15%;padding-left:0px\"><div class=\"wp-block-cover__image-background wp-image-192 size-large has-parallax\" style=\"background-position:50% 50%;background-image:url(https:\/\/www.online-reisbureaus.com\/wp-content\/uploads\/2022\/10\/Reizend-1-1024x587.webp)\"><\/div><span aria-hidden=\"true\" class=\"wp-block-cover__background has-black-background-color has-background-dim-30 has-background-dim\"><\/span><div class=\"wp-block-cover__inner-container has-global-padding is-layout-constrained wp-container-core-cover-is-layout-b145c2e4 wp-block-cover-is-layout-constrained\">\n<p class=\"has-text-align-center has-text-color has-link-color wp-elements-55bd79d4d082357e82a68c1439e9a970\" style=\"color:#c39738;font-size:22px\">Fortbewegung auf Reisen<\/p>\n\n\n\n<h2 class=\"wp-block-heading has-text-align-center animated fadeInUp has-base-2-color has-text-color has-link-color wp-elements-ac340c977507f8d587167c738fba0a79\" style=\"padding-right:10%;padding-left:10%;font-size:45px\">Auf Reisen ein<br>Auto mieten<\/h2>\n\n\n\n<div class=\"wp-block-group animated fadeInUp is-content-justification-center is-nowrap is-layout-flex wp-container-core-group-is-layout-23441af8 wp-block-group-is-layout-flex\">\n<div class=\"wp-block-group has-base-2-background-color has-background wp-container-content-759e20a8 is-vertical is-content-justification-center is-layout-flex wp-container-core-group-is-layout-b6c1f246 wp-block-group-is-layout-flex\" style=\"min-height:1px\"><\/div>\n<\/div>\n\n\n\n<p class=\"has-text-align-center animated fadeInUp has-base-2-color has-text-color has-link-color wp-elements-ae30ff8e027c95bafabd51d220637d5c\" style=\"padding-right:10%;padding-left:10%;font-size:18px\">Gehen Sie \u00fcber ein Vergleichstool, um ein Auto auf einer Gesch\u00e4ftsreise oder w\u00e4hrend Ihres gesamten Urlaubs zu mieten. Der Vorteil eines Vergleichstools ist, dass Sie einen besseren Tarif erhalten. Sie k\u00f6nnen auch einen besseren Preis erhalten, wenn Sie das Auto mehrere Wochen oder Monate im Voraus buchen.<\/p>\n<\/div><\/div>\n\n\n\n<div class=\"wp-block-group has-global-padding is-layout-constrained wp-block-group-is-layout-constrained has-background\" style=\"margin-top:0px;margin-bottom:0px;padding-top:6%;padding-bottom:6%;background-image:url('https:\/\/www.online-reisbureaus.com\/wp-content\/uploads\/2022\/10\/Reis-in-uw-eigen-tempo.webp');background-size:cover;background-attachment:fixed;\">\n<h2 class=\"wp-block-heading has-text-align-center animated fadeInUp has-text-color has-link-color wp-elements-ecad867697455764014237d007d50d12\" style=\"color:#505050;padding-right:10%;padding-left:10%;font-size:45px\">Reisen in Ihrem eigenen Rhythmus &amp; nach Ihren W\u00fcnschen!<\/h2>\n\n\n\n<div class=\"wp-block-group animated fadeInUp is-content-justification-center is-nowrap is-layout-flex wp-container-core-group-is-layout-23441af8 wp-block-group-is-layout-flex\">\n<div class=\"wp-block-group has-background wp-container-content-759e20a8 is-vertical is-content-justification-center is-layout-flex wp-container-core-group-is-layout-b6c1f246 wp-block-group-is-layout-flex\" style=\"background-color:#acabab;min-height:1px\"><\/div>\n<\/div>\n\n\n\n<p class=\"has-text-align-center animated fadeInUp\" style=\"padding-top:30px;padding-right:10%;padding-left:10%;font-size:18px\">W\u00e4hlen Sie aus Rundreisen, die nach Ihren W\u00fcnschen und Interessen gestaltet werden k\u00f6nnen. Greifen Sie dem Trend vor, indem Sie die notwendigen Mittel bereitstellen, um Ihren Aufenthalt individuell zu gestalten.<\/p>\n\n\n\n<div class=\"wp-block-columns animated fadeInUp is-layout-flex wp-container-core-columns-is-layout-b6db6278 wp-block-columns-is-layout-flex\" style=\"margin-top:70px\">\n<div class=\"wp-block-column is-vertically-aligned-stretch b5-col is-layout-flow wp-block-column-is-layout-flow\">\n<div class=\"wp-block-cover bann\" style=\"padding-top:100px;padding-right:30px;padding-bottom:100px;padding-left:30px;min-height:100%;aspect-ratio:unset;\"><img loading=\"lazy\" decoding=\"async\" width=\"800\" height=\"800\" class=\"wp-block-cover__image-background wp-image-226 size-full\" alt=\"Luxuri\u00f6se Reiseziele\" src=\"https:\/\/www.online-reisbureaus.com\/wp-content\/uploads\/2022\/10\/Luxuriose-Reiseziele.webp\" data-object-fit=\"cover\" srcset=\"https:\/\/www.online-reisbureaus.com\/wp-content\/uploads\/2022\/10\/Luxuriose-Reiseziele.webp 800w, https:\/\/www.online-reisbureaus.com\/wp-content\/uploads\/2022\/10\/Luxuriose-Reiseziele-300x300.webp 300w, https:\/\/www.online-reisbureaus.com\/wp-content\/uploads\/2022\/10\/Luxuriose-Reiseziele-150x150.webp 150w, https:\/\/www.online-reisbureaus.com\/wp-content\/uploads\/2022\/10\/Luxuriose-Reiseziele-768x768.webp 768w\" sizes=\"auto, (max-width: 800px) 100vw, 800px\"><span aria-hidden=\"true\" class=\"wp-block-cover__background has-background-dim-90 has-background-dim\" style=\"background-color:#124593\"><\/span><div class=\"wp-block-cover__inner-container is-layout-flow wp-block-cover-is-layout-flow\">\n<h3 class=\"wp-block-heading has-text-align-center like-title has-base-2-color has-text-color has-link-color wp-elements-87df9ca86b4f7e4edb0b3e301f4ea016\" style=\"font-size:20px\">Luxuri\u00f6se Reiseziele<\/h3>\n\n\n\n<p class=\"has-text-align-center has-base-2-color has-text-color has-link-color wp-elements-00a5a26519f58f7e87056587c814e00e\">Bemerkenswerte Architektur, k\u00f6stliche Restaurants, Luxushotels, unkontrolliertes Shopping\u2026<\/p>\n<\/div><\/div>\n<\/div>\n\n\n\n<div class=\"wp-block-column is-vertically-aligned-stretch b5-col is-layout-flow wp-block-column-is-layout-flow\">\n<div class=\"wp-block-cover bann\" style=\"padding-top:100px;padding-right:30px;padding-bottom:100px;padding-left:30px;min-height:100%;aspect-ratio:unset;\"><img loading=\"lazy\" decoding=\"async\" width=\"800\" height=\"800\" class=\"wp-block-cover__image-background wp-image-227 size-full\" alt=\"\" src=\"https:\/\/www.online-reisbureaus.com\/wp-content\/uploads\/2022\/10\/Exotische-Reiseziele.webp\" data-object-fit=\"cover\" srcset=\"https:\/\/www.online-reisbureaus.com\/wp-content\/uploads\/2022\/10\/Exotische-Reiseziele.webp 800w, https:\/\/www.online-reisbureaus.com\/wp-content\/uploads\/2022\/10\/Exotische-Reiseziele-300x300.webp 300w, https:\/\/www.online-reisbureaus.com\/wp-content\/uploads\/2022\/10\/Exotische-Reiseziele-150x150.webp 150w, https:\/\/www.online-reisbureaus.com\/wp-content\/uploads\/2022\/10\/Exotische-Reiseziele-768x768.webp 768w\" sizes=\"auto, (max-width: 800px) 100vw, 800px\"><span aria-hidden=\"true\" class=\"wp-block-cover__background has-background-dim-90 has-background-dim\" style=\"background-color:#124593\"><\/span><div class=\"wp-block-cover__inner-container is-layout-flow wp-block-cover-is-layout-flow\">\n<h3 class=\"wp-block-heading has-text-align-center like-title has-base-2-color has-text-color has-link-color wp-elements-fc4fbc9b76bcaaee54f5de9444b1953d\" style=\"font-size:20px\">Exotische Reiseziele<\/h3>\n\n\n\n<p class=\"has-text-align-center has-base-2-color has-text-color has-link-color wp-elements-b50b59f969fa37b30d6a566f4bb6a6fd\">Tahiti, Bahamas, Malediven, Sri Lanka, Hawaii, Costa Rica, Bora Bora\u2026<\/p>\n<\/div><\/div>\n<\/div>\n\n\n\n<div class=\"wp-block-column is-vertically-aligned-stretch b5-col is-layout-flow wp-block-column-is-layout-flow\">\n<div class=\"wp-block-cover bann\" style=\"padding-top:100px;padding-right:30px;padding-bottom:100px;padding-left:30px;min-height:100%;aspect-ratio:unset;\"><img loading=\"lazy\" decoding=\"async\" width=\"800\" height=\"800\" class=\"wp-block-cover__image-background wp-image-228 size-full\" alt=\"\" src=\"https:\/\/www.online-reisbureaus.com\/wp-content\/uploads\/2022\/10\/Reiseziele-am-Meer.webp\" data-object-fit=\"cover\" srcset=\"https:\/\/www.online-reisbureaus.com\/wp-content\/uploads\/2022\/10\/Reiseziele-am-Meer.webp 800w, https:\/\/www.online-reisbureaus.com\/wp-content\/uploads\/2022\/10\/Reiseziele-am-Meer-300x300.webp 300w, https:\/\/www.online-reisbureaus.com\/wp-content\/uploads\/2022\/10\/Reiseziele-am-Meer-150x150.webp 150w, https:\/\/www.online-reisbureaus.com\/wp-content\/uploads\/2022\/10\/Reiseziele-am-Meer-768x768.webp 768w\" sizes=\"auto, (max-width: 800px) 100vw, 800px\"><span aria-hidden=\"true\" class=\"wp-block-cover__background has-background-dim-90 has-background-dim\" style=\"background-color:#124593\"><\/span><div class=\"wp-block-cover__inner-container is-layout-flow wp-block-cover-is-layout-flow\">\n<h3 class=\"wp-block-heading has-text-align-center like-title has-base-2-color has-text-color has-link-color wp-elements-d7f83e0eaa1b1b7457fa9c3d07573ba1\" style=\"font-size:20px\">Reiseziele am Meer<\/h3>\n\n\n\n<p class=\"has-text-align-center has-base-2-color has-text-color has-link-color wp-elements-91250fd6e6361c0bc95ad9b03be9984d\">Geniessen Sie das Nichtstun, entspannen Sie sich am kristallklaren Wasser.<\/p>\n<\/div><\/div>\n<\/div>\n<\/div>\n<\/div>\n\n\n\n<div class=\"wp-block-cover has-parallax\" style=\"margin-top:0px;margin-bottom:0px;padding-top:20%;padding-right:0px;padding-bottom:20%;padding-left:0px\"><div class=\"wp-block-cover__image-background wp-image-205 size-large has-parallax\" style=\"background-position:50% 50%;background-image:url(https:\/\/www.online-reisbureaus.com\/wp-content\/uploads\/2022\/10\/Pricing-Title-Image-1024x400.webp)\"><\/div><span aria-hidden=\"true\" class=\"wp-block-cover__background has-black-background-color has-background-dim-60 has-background-dim\"><\/span><div class=\"wp-block-cover__inner-container has-global-padding is-layout-constrained wp-container-core-cover-is-layout-f2dc8297 wp-block-cover-is-layout-constrained\">\n<h2 class=\"wp-block-heading has-text-align-center animated fadeInUp has-base-2-color has-text-color has-link-color wp-elements-4e2d1466c04e38bdc7c9894b5add5b6f\" style=\"padding-right:10%;padding-left:10%;font-size:45px\">Die Wahl Ihrer Urlaubsunterkunft<br>ist so wichtig!<\/h2>\n\n\n\n<div class=\"wp-block-group animated fadeInUp is-content-justification-center is-nowrap is-layout-flex wp-container-core-group-is-layout-23441af8 wp-block-group-is-layout-flex\">\n<div class=\"wp-block-group has-base-2-background-color has-background wp-container-content-759e20a8 is-vertical is-content-justification-center is-layout-flex wp-container-core-group-is-layout-b6c1f246 wp-block-group-is-layout-flex\" style=\"min-height:1px\"><\/div>\n<\/div>\n\n\n\n<p class=\"has-text-align-center animated fadeInUp has-base-2-color has-text-color has-link-color wp-elements-3a4e8722fce064b00891182de5c8b823\" style=\"padding-right:10%;padding-left:10%;font-size:18px\">Bei der Wahl der idealen Ferienunterkunft sollten Sie die Anzahl der Personen ber\u00fccksichtigen, die an der Expedition teilnehmen werden. Denn die Wahl der Unterkunft h\u00e4ngt davon ab, ob Sie alleine oder als Paar reisen. Dasselbe gilt, wenn Sie als Familie mit mehreren Kindern oder mit einer Gruppe von Freunden unterwegs sind. Es gibt zahlreiche Unterkunftsm\u00f6glichkeiten: G\u00e4stezimmer, Hotels, Campingpl\u00e4tze, Mietwohnungen\u2026<\/p>\n<\/div><\/div>\n","protected":false},"excerpt":{"rendered":"<p>Organisieren Sie Ihre n\u00e4chste Reise im Voraus Reisebudget Ihr Reisebudget muss mehrere Ausgabenposten umfassen: Kauf der Flugtickets, Anreise, Unterkunft, Verpflegung, Aktivit\u00e4ten\u2026 Seine Sch\u00e4tzung erfolgt in mehreren Schritten. Reservierungen &amp; Tickets Sie k\u00f6nnen Ihre Pl\u00e4tze f\u00fcr Shows, Konzerte und Theater reservieren&#8230;.<\/p>\n","protected":false},"author":1,"featured_media":0,"parent":0,"menu_order":0,"comment_status":"closed","ping_status":"closed","template":"","meta":{"footnotes":""},"class_list":["post-161","page","type-page","status-publish","hentry"],"_links":{"self":[{"href":"https:\/\/www.online-reisbureaus.com\/de\/wp-json\/wp\/v2\/pages\/161","targetHints":{"allow":["GET"]}}],"collection":[{"href":"https:\/\/www.online-reisbureaus.com\/de\/wp-json\/wp\/v2\/pages"}],"about":[{"href":"https:\/\/www.online-reisbureaus.com\/de\/wp-json\/wp\/v2\/types\/page"}],"author":[{"embeddable":true,"href":"https:\/\/www.online-reisbureaus.com\/de\/wp-json\/wp\/v2\/users\/1"}],"replies":[{"embeddable":true,"href":"https:\/\/www.online-reisbureaus.com\/de\/wp-json\/wp\/v2\/comments?post=161"}],"version-history":[{"count":20,"href":"https:\/\/www.online-reisbureaus.com\/de\/wp-json\/wp\/v2\/pages\/161\/revisions"}],"predecessor-version":[{"id":382,"href":"https:\/\/www.online-reisbureaus.com\/de\/wp-json\/wp\/v2\/pages\/161\/revisions\/382"}],"wp:attachment":[{"href":"https:\/\/www.online-reisbureaus.com\/de\/wp-json\/wp\/v2\/media?parent=161"}],"curies":[{"name":"wp","href":"https:\/\/api.w.org\/{rel}","templated":true}]}}